{"id":834,"date":"2019-08-12T06:31:01","date_gmt":"2019-08-12T06:31:01","guid":{"rendered":"https:\/\/www.tomatoprocess.com\/?page_id=834"},"modified":"2019-08-12T06:34:33","modified_gmt":"2019-08-12T06:34:33","slug":"sobre-nos","status":"publish","type":"page","link":"https:\/\/www.tomatoprocess.com\/pt-br\/sobre-nos\/","title":{"rendered":"Sobre n\u00f3s"},"content":{"rendered":"<p><a href=\"https:\/\/www.tomatoprocess.com\/wp-content\/uploads\/2019\/01\/Banner03-Tomato-Cutting-Machine-Supplier-Manufacture.jpg\"><img decoding=\"async\" class=\"alignnone size-large wp-image-191\" src=\"https:\/\/www.tomatoprocess.com\/wp-content\/uploads\/2019\/01\/Banner03-Tomato-Cutting-Machine-Supplier-Manufacture-1024x267.jpg\" alt=\"Banner03-Tomato-Cutting-Machine-Supplier-Manufacture\" width=\"1024\" height=\"267\" srcset=\"https:\/\/www.tomatoprocess.com\/wp-content\/uploads\/2019\/01\/Banner03-Tomato-Cutting-Machine-Supplier-Manufacture-1024x267.jpg 1024w, https:\/\/www.tomatoprocess.com\/wp-content\/uploads\/2019\/01\/Banner03-Tomato-Cutting-Machine-Supplier-Manufacture-300x78.jpg 300w, https:\/\/www.tomatoprocess.com\/wp-content\/uploads\/2019\/01\/Banner03-Tomato-Cutting-Machine-Supplier-Manufacture-768x200.jpg 768w, https:\/\/www.tomatoprocess.com\/wp-content\/uploads\/2019\/01\/Banner03-Tomato-Cutting-Machine-Supplier-Manufacture.jpg 1920w\" sizes=\"(max-width: 1024px) 100vw, 1024px\" \/><\/a><\/p>\n<p>A Romiter Machinery Co., Ltd. \u00e9 um designer l\u00edder de mercado e um fabricante da m\u00e1quina de processamento de tomate. Nossa f\u00e1brica est\u00e1 localizada na China M\u00e9dio. com conveniente ir e vir e localiza\u00e7\u00e3o geogr\u00e1fica vantajosa. Cobrindo uma \u00e1rea grande.<\/p>\n<p><a href=\"https:\/\/www.tomatoprocess.com\/wp-content\/uploads\/2019\/01\/Banner02-Tomato-Ketchup-Grinding-Making-Machine-Tomato-Sauce-Machine-Supplier.jpg\"><img decoding=\"async\" class=\"alignnone wp-image-192 size-large\" src=\"https:\/\/www.tomatoprocess.com\/wp-content\/uploads\/2019\/01\/Banner02-Tomato-Ketchup-Grinding-Making-Machine-Tomato-Sauce-Machine-Supplier-1024x267.jpg\" alt=\"Banner02-Tomato-Ketchup-Grinding-Making-Machine-Tomato-Sauce-Machine-Supplier\" width=\"1024\" height=\"267\" srcset=\"https:\/\/www.tomatoprocess.com\/wp-content\/uploads\/2019\/01\/Banner02-Tomato-Ketchup-Grinding-Making-Machine-Tomato-Sauce-Machine-Supplier-1024x267.jpg 1024w, https:\/\/www.tomatoprocess.com\/wp-content\/uploads\/2019\/01\/Banner02-Tomato-Ketchup-Grinding-Making-Machine-Tomato-Sauce-Machine-Supplier-300x78.jpg 300w, https:\/\/www.tomatoprocess.com\/wp-content\/uploads\/2019\/01\/Banner02-Tomato-Ketchup-Grinding-Making-Machine-Tomato-Sauce-Machine-Supplier-768x200.jpg 768w, https:\/\/www.tomatoprocess.com\/wp-content\/uploads\/2019\/01\/Banner02-Tomato-Ketchup-Grinding-Making-Machine-Tomato-Sauce-Machine-Supplier.jpg 1920w\" sizes=\"(max-width: 1024px) 100vw, 1024px\" \/><\/a><\/p>\n<p>A Romiter Machinery conquista uma ampla reputa\u00e7\u00e3o de produtos com alta efici\u00eancia, excelente confiabilidade, f\u00e1cil manuten\u00e7\u00e3o e longa vida \u00fatil. A Romiter possui uma excelente equipe de suporte t\u00e9cnico, incluindo mec\u00e2nicos e t\u00e9cnicos de servi\u00e7o altamente experientes. Agora, nossa f\u00e1brica pode fornecer m\u00e1quina de limpeza de lavagem de tomate, m\u00e1quina de corte de tomate, molho de ketchup de tomate moagem m\u00e1quina, molho de tomate m\u00e1quina de embalagem de enchimento, m\u00e1quina de casca de tomate, tamanho de tomate classifica\u00e7\u00e3o m\u00e1quina de classifica\u00e7\u00e3o e tomate em p\u00f3 que faz a m\u00e1quina<\/p>\n<p><a href=\"https:\/\/www.tomatoprocess.com\/wp-content\/uploads\/2019\/01\/Banner01-Cherry-Tomato-Size-Sorting-Grading-Machine-Supplier-Manufacture.jpg\"><img decoding=\"async\" class=\"alignnone size-large wp-image-194\" src=\"https:\/\/www.tomatoprocess.com\/wp-content\/uploads\/2019\/01\/Banner01-Cherry-Tomato-Size-Sorting-Grading-Machine-Supplier-Manufacture-1024x267.jpg\" alt=\"Banner01-Cherry-Tomato-Size-Sorting-Grading-Machine-Supplier-Manufacture\" width=\"1024\" height=\"267\" srcset=\"https:\/\/www.tomatoprocess.com\/wp-content\/uploads\/2019\/01\/Banner01-Cherry-Tomato-Size-Sorting-Grading-Machine-Supplier-Manufacture-1024x267.jpg 1024w, https:\/\/www.tomatoprocess.com\/wp-content\/uploads\/2019\/01\/Banner01-Cherry-Tomato-Size-Sorting-Grading-Machine-Supplier-Manufacture-300x78.jpg 300w, https:\/\/www.tomatoprocess.com\/wp-content\/uploads\/2019\/01\/Banner01-Cherry-Tomato-Size-Sorting-Grading-Machine-Supplier-Manufacture-768x200.jpg 768w, https:\/\/www.tomatoprocess.com\/wp-content\/uploads\/2019\/01\/Banner01-Cherry-Tomato-Size-Sorting-Grading-Machine-Supplier-Manufacture.jpg 1920w\" sizes=\"(max-width: 1024px) 100vw, 1024px\" \/><\/a><\/p>\n<p>A m\u00e1quina de processamento de batatas Romiter atende aos requisitos de qualidade da Europa. com Certifica\u00e7\u00e3o CE, o Cliente n\u00e3o precisa se preocupar com a importa\u00e7\u00e3o<\/p>\n<p><a href=\"https:\/\/www.tomatoprocess.com\/wp-content\/uploads\/2019\/01\/Banner04-Tomato-Sauce-Filling-Packing-Machine-Supplier-Manufacture.jpg\"><img decoding=\"async\" class=\"alignnone size-large wp-image-193\" src=\"https:\/\/www.tomatoprocess.com\/wp-content\/uploads\/2019\/01\/Banner04-Tomato-Sauce-Filling-Packing-Machine-Supplier-Manufacture-1024x267.jpg\" alt=\"Banner04-Tomato-Sauce-Filling-Packing-Machine-Supplier-Manufacture\" width=\"1024\" height=\"267\" srcset=\"https:\/\/www.tomatoprocess.com\/wp-content\/uploads\/2019\/01\/Banner04-Tomato-Sauce-Filling-Packing-Machine-Supplier-Manufacture-1024x267.jpg 1024w, https:\/\/www.tomatoprocess.com\/wp-content\/uploads\/2019\/01\/Banner04-Tomato-Sauce-Filling-Packing-Machine-Supplier-Manufacture-300x78.jpg 300w, https:\/\/www.tomatoprocess.com\/wp-content\/uploads\/2019\/01\/Banner04-Tomato-Sauce-Filling-Packing-Machine-Supplier-Manufacture-768x200.jpg 768w, https:\/\/www.tomatoprocess.com\/wp-content\/uploads\/2019\/01\/Banner04-Tomato-Sauce-Filling-Packing-Machine-Supplier-Manufacture.jpg 1920w\" sizes=\"(max-width: 1024px) 100vw, 1024px\" \/><\/a><\/p>\n<p>O Romiter Group fornece uma solu\u00e7\u00e3o completa de m\u00e1quina de processamento de tomate, que inclui, mas n\u00e3o est\u00e1 limitada a:<\/p>\n<ol>\n<li>M\u00e1quina de limpeza de lavagem de tomate<\/li>\n<li>M\u00e1quina de corte em cubos de tomate<\/li>\n<li>M\u00e1quina de fazer moagem de ketchup de tomate<\/li>\n<li>M\u00e1quina De Embalagem De Molho De Tomate<\/li>\n<li>M\u00e1quina De Casca De Tomate<\/li>\n<li>M\u00e1quina de classifica\u00e7\u00e3o de classifica\u00e7\u00e3o de tamanho de tomate<\/li>\n<li>Forno De Secagem De Tomate<\/li>\n<li>M\u00e1quina de fazer p\u00f3 de tomate<\/li>\n<\/ol>\n<p>O Romiter Group pode fornecer produtos personalizados para os clientes. Bem-vindo a entrar em contato conosco para mais informa\u00e7\u00f5es.<\/p>\n<p><strong>Facebook<\/strong><\/p>\n<p><a href=\"https:\/\/www.facebook.com\/TomatoProcessingMachine\/\" rel=\"nofollow\">https:\/\/www.facebook.com\/TomatoProcessingMachine\/<\/a><\/p>\n\n<div class=\"wpcf7 no-js\" id=\"wpcf7-f5-o1\" lang=\"en-US\" dir=\"ltr\" data-wpcf7-id=\"5\">\n<div class=\"screen-reader-response\"><p role=\"status\" aria-live=\"polite\" aria-atomic=\"true\"><\/p> <ul><\/ul><\/div>\n<form action=\"\/pt-br\/wp-json\/wp\/v2\/pages\/834#wpcf7-f5-o1\" method=\"post\" class=\"wpcf7-form init\" aria-label=\"Contact form\" novalidate=\"novalidate\" data-status=\"init\">\n<fieldset class=\"hidden-fields-container\"><input type=\"hidden\" name=\"_wpcf7\" value=\"5\" \/><input type=\"hidden\" name=\"_wpcf7_version\" value=\"6.1.5\" \/><input type=\"hidden\" name=\"_wpcf7_locale\" value=\"en_US\" \/><input type=\"hidden\" name=\"_wpcf7_unit_tag\" value=\"wpcf7-f5-o1\" \/><input type=\"hidden\" name=\"_wpcf7_container_post\" value=\"0\" \/><input type=\"hidden\" name=\"_wpcf7_posted_data_hash\" value=\"\" \/>\n<\/fieldset>\n<div id=\"inquiryForm\">\n\t<h2>Send Us Inquiry to Get Quotation\n\t<\/h2>\n\t<p>Please enter your contact information and the details you want to know about our product.\n\t<\/p>\n\t<p>Your Name (required)\n\t<\/p>\n\t<p><span class=\"wpcf7-form-control-wrap\" data-name=\"your-name\"><input size=\"40\" maxlength=\"400\" class=\"wpcf7-form-control wpcf7-text wpcf7-validates-as-required\" aria-required=\"true\" aria-invalid=\"false\" value=\"\" type=\"text\" name=\"your-name\" \/><\/span>\n\t<\/p>\n\t<p>Your Email (required)\n\t<\/p>\n\t<p><span class=\"wpcf7-form-control-wrap\" data-name=\"your-email\"><input size=\"40\" maxlength=\"400\" class=\"wpcf7-form-control wpcf7-email wpcf7-validates-as-required wpcf7-text wpcf7-validates-as-email\" aria-required=\"true\" aria-invalid=\"false\" value=\"\" type=\"email\" name=\"your-email\" \/><\/span>\n\t<\/p>\n\t<p>Country\n\t<\/p>\n\t<p><span class=\"wpcf7-form-control-wrap\" data-name=\"your-country\"><input size=\"40\" maxlength=\"400\" class=\"wpcf7-form-control wpcf7-text\" aria-invalid=\"false\" placeholder=\"Tell us Your Country\" value=\"\" type=\"text\" name=\"your-country\" \/><\/span>\n\t<\/p>\n\t<p>WhatsApp\n\t<\/p>\n\t<p><span class=\"wpcf7-form-control-wrap\" data-name=\"your-whatsapp\"><input size=\"40\" maxlength=\"400\" class=\"wpcf7-form-control wpcf7-text\" aria-invalid=\"false\" placeholder=\"Your WhatsApp ID with Country Code\" value=\"\" type=\"text\" name=\"your-whatsapp\" \/><\/span>\n\t<\/p>\n\t<p>Subject\n\t<\/p>\n\t<p><span class=\"wpcf7-form-control-wrap\" data-name=\"your-subject\"><input size=\"40\" maxlength=\"400\" class=\"wpcf7-form-control wpcf7-text\" aria-invalid=\"false\" value=\"\" type=\"text\" name=\"your-subject\" \/><\/span>\n\t<\/p>\n\t<p>Your Message\n\t<\/p>\n\t<p><span class=\"wpcf7-form-control-wrap\" data-name=\"your-message\"><textarea cols=\"40\" rows=\"10\" maxlength=\"2000\" class=\"wpcf7-form-control wpcf7-textarea\" aria-invalid=\"false\" placeholder=\"please specify your detail requirement here\" name=\"your-message\"><\/textarea><\/span>\n\t<\/p>\n\t<p><input class=\"wpcf7-form-control wpcf7-submit has-spinner\" type=\"submit\" value=\"Send\" \/>\n\t<\/p>\n<\/div><p style=\"display: none !important;\" class=\"akismet-fields-container\" data-prefix=\"_wpcf7_ak_\"><label>&#916;<textarea name=\"_wpcf7_ak_hp_textarea\" cols=\"45\" rows=\"8\" maxlength=\"100\"><\/textarea><\/label><input type=\"hidden\" id=\"ak_js_1\" name=\"_wpcf7_ak_js\" value=\"63\"\/><script type=\"text\/javascript\">\n\/* <![CDATA[ *\/\ndocument.getElementById( \"ak_js_1\" ).setAttribute( \"value\", ( new Date() ).getTime() );\n\/* ]]> *\/\n<\/script>\n<\/p><div class=\"wpcf7-response-output\" aria-hidden=\"true\"><\/div>\n<\/form>\n<\/div>\n\n","protected":false},"excerpt":{"rendered":"<p>A Romiter Machinery Co., Ltd. \u00e9 um designer l\u00edder de mercado e um fabricante da m\u00e1quina de processamento de tomate. Nossa f\u00e1brica est\u00e1 localizada na China M\u00e9dio. com conveniente ir e vir e localiza\u00e7\u00e3o geogr\u00e1fica vantajosa. Cobrindo uma \u00e1rea grande. A Romiter Machinery conquista uma ampla reputa\u00e7\u00e3o de produtos com alta efici\u00eancia, excelente confiabilidade, f\u00e1cil manuten\u00e7\u00e3o e longa vida \u00fatil. A Romiter possui uma excelente equipe de suporte t\u00e9cnico, incluindo mec\u00e2nicos e t\u00e9cnicos de servi\u00e7o altamente experientes. Agora, nossa f\u00e1brica pode fornecer m\u00e1quina de limpeza de lavagem de tomate, m\u00e1quina de corte de tomate, molho de ketchup de tomate moagem m\u00e1quina, molho de tomate m\u00e1quina de embalagem de enchimento, m\u00e1quina de casca de tomate, tamanho de tomate classifica\u00e7\u00e3o m\u00e1quina de classifica\u00e7\u00e3o e tomate em p\u00f3 que faz a m\u00e1quina A m\u00e1quina de processamento de batatas Romiter atende aos requisitos de qualidade da Europa. com Certifica\u00e7\u00e3o CE, o Cliente n\u00e3o precisa se preocupar com a importa\u00e7\u00e3o O Romiter Group fornece uma &#8230;<\/p>\n","protected":false},"author":1,"featured_media":0,"parent":0,"menu_order":0,"comment_status":"closed","ping_status":"closed","template":"","meta":{"footnotes":""},"class_list":["post-834","page","type-page","status-publish","hentry"],"aioseo_notices":[],"_links":{"self":[{"href":"https:\/\/www.tomatoprocess.com\/pt-br\/wp-json\/wp\/v2\/pages\/834","targetHints":{"allow":["GET"]}}],"collection":[{"href":"https:\/\/www.tomatoprocess.com\/pt-br\/wp-json\/wp\/v2\/pages"}],"about":[{"href":"https:\/\/www.tomatoprocess.com\/pt-br\/wp-json\/wp\/v2\/types\/page"}],"author":[{"embeddable":true,"href":"https:\/\/www.tomatoprocess.com\/pt-br\/wp-json\/wp\/v2\/users\/1"}],"replies":[{"embeddable":true,"href":"https:\/\/www.tomatoprocess.com\/pt-br\/wp-json\/wp\/v2\/comments?post=834"}],"version-history":[{"count":0,"href":"https:\/\/www.tomatoprocess.com\/pt-br\/wp-json\/wp\/v2\/pages\/834\/revisions"}],"wp:attachment":[{"href":"https:\/\/www.tomatoprocess.com\/pt-br\/wp-json\/wp\/v2\/media?parent=834"}],"curies":[{"name":"wp","href":"https:\/\/api.w.org\/{rel}","templated":true}]}}